{"id":5995,"date":"2024-07-08T12:15:37","date_gmt":"2024-07-08T12:15:37","guid":{"rendered":"https:\/\/luxurymotors.ee\/privaatsuspoliitika\/"},"modified":"2025-08-27T13:07:37","modified_gmt":"2025-08-27T13:07:37","slug":"privaatsuspoliitika","status":"publish","type":"page","link":"https:\/\/luxurymotors.ee\/ru\/privaatsuspoliitika\/","title":{"rendered":"PRIVAATSUSPOLIITIKA"},"content":{"rendered":"\t\t<div data-elementor-type=\"wp-page\" data-elementor-id=\"5995\" class=\"elementor elementor-5995\" data-elementor-post-type=\"page\">\n\t\t\t\t<div class=\"elementor-element elementor-element-32d60ea e-flex e-con-boxed e-con e-parent\" data-id=\"32d60ea\" data-element_type=\"container\" data-e-type=\"container\">\n\t\t\t\t\t<div class=\"e-con-inner\">\n\t\t\t\t<div class=\"elementor-element elementor-element-d9666ab elementor-widget elementor-widget-heading\" data-id=\"d9666ab\" data-element_type=\"widget\" data-e-type=\"widget\" data-widget_type=\"heading.default\">\n\t\t\t\t<div class=\"elementor-widget-container\">\n\t\t\t\t\t<h2 class=\"elementor-heading-title elementor-size-default\">PRIVAATSUSPOLIITIKA<\/h2>\t\t\t\t<\/div>\n\t\t\t\t<\/div>\n\t\t\t\t<div class=\"elementor-element elementor-element-d057b0a elementor-widget elementor-widget-text-editor\" data-id=\"d057b0a\" data-element_type=\"widget\" data-e-type=\"widget\" data-widget_type=\"text-editor.default\">\n\t\t\t\t<div class=\"elementor-widget-container\">\n\t\t\t\t\t\t\t\t\t<p>Luxury Motors O\u00dc \u2013 luksusautode esindus Eestis (edaspidi &#171;Meie&#187;, &#171;Ettev\u00f5te&#187;, &#171;Luxury Motors&#187;) v\u00e4\u00e4rtustab ja kaitseb isikuandmete privaatsust, mist\u00f5ttu kirjeldame k\u00e4esolevas poliitikas (edaspidi &#171;Privaatsuspoliitika&#187;) \u00fcksikasjalikult, kuidas me t\u00f6\u00f6tleme f\u00fc\u00fcsiliste isikute (edaspidi &#171;Teie&#187; v\u00f5i &#171;Andmesubjektid&#187;) isikuandmeid, kui k\u00fclastate meie veebilehte, esitate p\u00e4ringu, registreerute proovis\u00f5idule v\u00f5i teenusele, ostate auto v\u00f5i osalete muul viisil \u00e4ritegevuses meiega.<\/p><p><br \/>Isikuandmete t\u00f6\u00f6tlemisel j\u00e4rgime Euroopa Parlamendi ja N\u00f5ukogu 27. aprilli 2016. a m\u00e4\u00e4rust (EL) 2016\/679 f\u00fc\u00fcsiliste isikute kaitse kohta isikuandmete t\u00f6\u00f6tlemisel ning selliste andmete vaba liikumise kohta ja direktiivi 95\/46\/E\u00dc kehtetuks tunnistamise kohta (Isikuandmete kaitse \u00fcldm\u00e4\u00e4rus, edaspidi &#171;IK\u00dcM&#187;), k\u00f5iki muid asjakohaseid isikuandmete kaitset reguleerivaid \u00f5igusakte ning k\u00e4esoleva Privaatsuspoliitika s\u00e4tteid.<\/p><p><br \/>K\u00e4esolevas Privaatsuspoliitikas esitame Teile k\u00f5ige olulisema struktureeritud teabe Teie isikuandmete t\u00f6\u00f6tlemise kohta, s.t milliseid isikuandmeid me kogume, kuidas ja miks me neid kasutame, millistel \u00f5iguslikel alustel t\u00f6\u00f6tleme, kui kaua s\u00e4ilitame, kellele edastame, samuti meie kohustused Teie isikuandmete t\u00f6\u00f6tlemisel, Teie \u00f5igused ja nende teostamise viisid.<br \/>Kui k\u00fclastate meie Veebilehte, eeldame, et olete k\u00e4esoleva Privaatsuspoliitikaga tutvunud. Kui Te ei soovi, et Teie isikuandmeid t\u00f6\u00f6deldaks k\u00e4esolevas Privaatsuspoliitikas kirjeldatud viisil, palume mitte kasutada Veebilehte ega edastada meile oma isikuandmeid muul viisil.<br \/>T\u00e4helepanu! K\u00e4esolevalt Veebilehelt on v\u00f5imalik p\u00e4\u00e4seda teistele lehtedele, mille puhul v\u00f5ivad andmet\u00f6\u00f6tlejaks olla teised ettev\u00f5tted (Tootjad v\u00f5i teiste riikide esindused). Soovitame alati tutvuda k\u00fclastatava lehe privaatsuspoliitikaga, et olla piisavalt informeeritud, kuidas vastav vastutav t\u00f6\u00f6tleja Teie isikuandmeid k\u00e4sitleb.<\/p><p><br \/>Privaatsuspoliitika on pidevalt arenev dokument ning me v\u00f5ime seda t\u00e4iendada, muuta ja ajakohastada vastavalt vajadusele, seega palume aeg-ajalt Veebilehte k\u00fclastada, et veenduda, et Teil on alati k\u00f5ige ajakohasem versioon Privaatsuspoliitikast.<br \/>Viimased muudatused Privaatsuspoliitikasse on tehtud ja j\u00f5ustunud alates 27. augustist 2025.<\/p><p>TINGIMUSED<br \/>K\u00e4esolevas Privaatsuspoliitikas kasutatakse j\u00e4rgmisi termineid:<br \/>\u2022 Isikuandmed \u2013 igasugune teave tuvastatud v\u00f5i tuvastatava f\u00fc\u00fcsilise isiku kohta v\u00f5i teave, mille alusel saab teda otseselt v\u00f5i kaudselt tuvastada (nt nimi, perekonnanimi, e-posti aadress, s\u00f5iduki registreerimisnumber jne);<br \/>\u2022 EMP \u2013 Euroopa Majanduspiirkond, mis koosneb Euroopa Liidu liikmesriikidest ning Liechtensteinist, Islandist ja Norrast;<br \/>\u2022 Veebilehed \u2013 <a href=\"https:\/\/luxurymotors.ee\/\">https:\/\/luxurymotors.ee\/<\/a>; <a href=\"https:\/\/maseratitallinn.ee\/\">https:\/\/maseratitallinn.ee\/<\/a>.<br \/>\u2022 Tootjad \u2013 Maserati S.p.a., registreeritud Itaalias (registrikood 08245890010), emeand@maserati.com; Bentley Motors Limited, registreeritud \u00dchendkuningriigis (registrikood 0992897), DPO@bentley.co.uk; Aston Martin Lagonda Limited, registreeritud \u00dchendkuningriigis (registrikood 1199255), dataofficer@astonmartin.com; XPENG EUROPEAN HOLDING B.V., D\u012femerhof 42, 1112 XN Diemen, Holland, data-privacy@xiaopeng.com.<br \/>\u2022 Maaletooja \u2013 UAB \u201cAutobrava\u201d, registreeritud Leedus (registrikood 125481247).<br \/>\u2022 Teistel terminitel on IK\u00dcM-is s\u00e4testatud t\u00e4hendus.<\/p><p>MEIE KONTAKTANDMED<br \/>Teie andmete vastutav t\u00f6\u00f6tleja on Luxury Motors O\u00dc, registrikood 16407844, registrij\u00e4rgne aadress: Kai tn 4, Kesklinna linnaosa, 10111 Tallinn, e-post: info@luxurymotors.ee, tel. +372 5819 1111. Meie andmekaitsespetsialistiga saate \u00fchendust v\u00f5tta aadressil dpo@modus.group.<\/p><p>MILLISTEST ALLIKATEST ME TEIE ISIKUANDMEID SAAME?<br \/>Saame Teie isikuandmeid otse Teilt, kui saadate meile p\u00e4ringuid, osalete meie korraldatud \u00fcritustel, registreerute proovis\u00f5idule, s\u00f5lmite lepinguid jne.<br \/>Ettev\u00f5te saab andmeid ka muudest allikatest, kui see on seadusega lubatud ja vajalik Teie isikuandmete t\u00f6\u00f6tlemise eesm\u00e4rkidel:<br \/>\u2022 Tootjatelt;<br \/>\u2022 Maaletoojalt;<br \/>\u2022 Kindlustus- ja liisinguettev\u00f5tetelt;<br \/>\u2022 Avalikest registritest \u2013 erinev avalikult k\u00e4ttesaadav teave;<br \/>\u2022 Interneti-\/sideteenuse pakkujatelt \u2013 kui k\u00fclastate Veebilehte, satute videovalvekaamerate vaatev\u00e4lja jne;<br \/>\u2022 Teistelt ametiasutustelt (nt erinevad politseiosakonnad, maksuamet, Andmekaitse Inspektsioon jne) \u2013 uurimisinfo.<\/p><p>\u00a0<\/p><p>MILLISTE EESM\u00c4RKIDEGA JA MILLISEID ISIKUANDMEID T\u00d6\u00d6TLEME?<br \/>T\u00f6\u00f6tleme Teie isikuandmeid j\u00e4rgmiste eesm\u00e4rkide saavutamiseks:<\/p><p><strong>Eesm\u00e4rk \u2013 Veebilehe haldamine.<\/strong><br \/>T\u00f6\u00f6tlemise \u00f5iguslik alus \u2013 n\u00f5usolek, IK\u00dcM artikkel 6 lg 1 punkt a.<br \/>Isikuandmete kategooriad \u2013 k\u00fcpsiste abil kogutav teave.<\/p><p>T\u00e4ielik teave k\u00fcpsiste kasutamise ja nendega seotud andmete kogumise kohta (sh kasutatavad k\u00fcpsised ja nende s\u00e4ilitamist\u00e4htajad) on k\u00e4ttesaadav iga veebilehe allosas olevas k\u00fcpsiste haldamise t\u00f6\u00f6riistas.<\/p><p><strong>Eesm\u00e4rk \u2013 Sotsiaalmeediakontode haldamine.<\/strong><br \/>\u00d5iguslik alus \u2013 \u00f5igustatud huvi, IK\u00dcM artikkel 6 lg 1 punkt f.<br \/>Isikuandmete kategooriad \u2013 Teie kommentaarid, tagasiside ja muu info, mida jagate meie sotsiaalmeediakontodel.<\/p><p>Kontode kasutajatele kehtivad vastava sotsiaalv\u00f5rgustiku privaatsuspoliitika ja reeglid. Soovitame tutvuda kolmandate isikute privaatsusteadetega ning k\u00fcsimuste korral v\u00f5tta otse \u00fchendust teenusepakkujaga:<br \/>\u2022 Facebooki privaatsusteave \u2013 <a href=\"https:\/\/www.facebook.com\/privacy\/explanation\">https:\/\/www.facebook.com\/privacy\/explanation<\/a><br \/>\u2022 Instagrami privaatsusteave \u2013 <a href=\"https:\/\/help.instagram.com\/155833707900388\">https:\/\/help.instagram.com\/155833707900388<\/a><br \/>\u2022 YouTube\u2019i privaatsusteave \u2013 <a href=\"https:\/\/www.google.co.uk\/intl\/en-GB\/policies\/privacy\/\">https:\/\/www.google.co.uk\/intl\/en-GB\/policies\/privacy\/<\/a><br \/>\u2022 Twitteri privaatsusteave \u2013 <a href=\"https:\/\/twitter.com\/en\/privacy\">https:\/\/twitter.com\/en\/privacy<\/a><br \/>\u2022 Pinterest\u2019i privaatsusteave \u2013 <a href=\"https:\/\/policy.pinterest.com\/en\/privacy-policy-2016\">https:\/\/policy.pinterest.com\/en\/privacy-policy-2016<\/a><\/p><p><strong>Eesm\u00e4rk \u2013 Veebilehel esitatud p\u00e4ringute haldamine.<\/strong><br \/>\u00d5iguslik alus \u2013 n\u00f5usolek, IK\u00dcM artikkel 6 lg 1 punkt b.<br \/>Isikuandmete kategooriad \u2013 nimi, perekonnanimi, e-posti aadress, telefoninumber, valitud esindus, soovitud automudel, t\u00e4iendav info ja esitatud dokumendid.<br \/>Andmete s\u00e4ilitamist\u00e4htaeg \u2013 2 aastat p\u00e4rast p\u00e4ringu lahendamist.<\/p><p><strong>Eesm\u00e4rk \u2013 Kliendirahulolu uuringud.<\/strong><br \/>Tootja j\u00e4lgib ja hindab seatud klienditeeninduse kvaliteedistandardite t\u00e4itmist, seet\u00f5ttu palutakse igal teenuse v\u00f5i toote ostul t\u00e4ita rahulolu-uuring.<br \/>Lisateave andmete edastamise ja t\u00f6\u00f6tlemise kohta on k\u00e4ttesaadav Tootjate privaatsuspoliitikates:<\/p><ul><li><a href=\"https:\/\/www.maserati.com\/global\/en\/others\/legal\/privacy-policy\">https:\/\/www.maserati.com\/global\/en\/others\/legal\/privacy-policy<\/a><\/li><li><a href=\"https:\/\/www.astonmartin.com\/legal\/privacy\">https:\/\/www.astonmartin.com\/legal\/privacy<\/a><\/li><li><a href=\"https:\/\/www.bentleymotors.com\/en\/pages\/privacy-policy.html\">https:\/\/www.bentleymotors.com\/en\/pages\/privacy-policy.html<\/a><\/li><li><a href=\"https:\/\/www.xpeng.com\/policy\">https:\/\/www.xpeng.com\/policy<\/a><\/li><\/ul><p><strong>Eesm\u00e4rk \u2013 \u00dcrituste korraldamine.<\/strong><br \/>\u00d5iguslik alus \u2013 \u00f5igustatud huvi, IK\u00dcM artikkel 6 lg 1 punkt f.<br \/>Isikuandmete kategooriad \u2013 e-posti aadress, kujutis, kui \u00fcritust filmitakse v\u00f5i pildistatakse.<br \/>Andmete s\u00e4ilitamist\u00e4htaeg \u2013 2 aastat.<\/p><p><strong>Eesm\u00e4rk \u2013 Otseturundus.<\/strong><br \/>\u00d5iguslik alus \u2013 n\u00f5usolek, IK\u00dcM artikkel 6 lg 1 punkt a; \u00f5igustatud huvi, IK\u00dcM artikkel 6 lg 1 punkt f.<br \/>Isikuandmete kategooriad \u2013 nimi, perekonnanimi, e-posti aadress, telefoninumber.<br \/>S\u00e4ilitamist\u00e4htaeg \u2013 3 aastat v\u00f5i kuni n\u00f5usoleku tagasiv\u00f5tmiseni.<\/p><p>Kui olete andnud n\u00f5usoleku otseturunduseks, v\u00f5idakse Teile saata isikup\u00e4rastatud ja \u00fcldist teavet toodete, teenuste, allahindluste, pakkumiste, \u00fcrituste, uudiste ja uuringute kohta e-posti, telefoni v\u00f5i SMS-i teel.<br \/>Me v\u00f5ime Teiega \u00fchendust v\u00f5tta ka ilma Teie n\u00f5usolekuta, kui pakume sarnaseid teenuseid\/tooteid v\u00f5i k\u00fcsime arvamust juba ostetu kohta. Sel juhul antakse alati v\u00f5imalus edaspidisest kirjavahetusest loobuda.<br \/>Turundusest saab loobuda igal ajal kirja allosas oleva lingi kaudu v\u00f5i p\u00f6\u00f6rdudes e-posti aadressil dpo@modus.group.<\/p><p>Me ei kasuta automatiseeritud otsuste tegemist ega profiilianal\u00fc\u00fcsi, mis tooks kaasa \u00f5iguslikke v\u00f5i muid olulisi tagaj\u00e4rgi.<\/p><p><strong>Eesm\u00e4rk \u2013 Proovis\u00f5idule registreerimine.<\/strong><br \/>\u00d5iguslik alus \u2013 lepingu t\u00e4itmine, IK\u00dcM artikkel 6 lg 1 punkt b.<br \/>Isikuandmete kategooriad \u2013 e-posti aadress, nimi, perekonnanimi, telefon, juhitud auto, aasta, vanus, juhiloa number.<br \/>S\u00e4ilitamist\u00e4htaeg \u2013 3 aastat.<br \/>T\u00e4helepanu! Proovis\u00f5iduautod on varustatud asukoha tuvastamise s\u00fcsteemiga, mis aktiveeritakse varguse, \u00f5nnetuse v\u00f5i lepingurikkumise kahtluse korral.<\/p><p><strong>Eesm\u00e4rk \u2013 M\u00fc\u00fcgi- ja ostulepingu s\u00f5lmimine ja t\u00e4itmine.<\/strong><br \/>\u00d5iguslik alus \u2013 lepingu t\u00e4itmine, IK\u00dcM artikkel 6 lg 1 punkt b; \u00f5iguslik kohustus, IK\u00dcM artikkel 6 lg 1 punkt c.<br \/>Isikuandmete kategooriad \u2013 nimi, perekonnanimi, aadress, isikukood, e-post, telefon, makseandmed, ostja ja\/v\u00f5i esindaja isikut t\u00f5endav dokument. Kui auto ostetakse ettev\u00f5tte nimel, k\u00fcsime ka volitust t\u00f5endavaid dokumente.<br \/>S\u00e4ilitamist\u00e4htaeg \u2013 10 aastat alates lepingu t\u00e4itmise kuup\u00e4evast.<\/p><p><strong>Eesm\u00e4rk \u2013 Hooldusesse registreerimine.<\/strong><br \/>\u00d5iguslik alus \u2013 lepingu t\u00e4itmine, IK\u00dcM artikkel 6 lg 1 punkt b; \u00f5iguslik kohustus, IK\u00dcM artikkel 6 lg 1 punkt c.<br \/>Isikuandmete kategooriad \u2013 e-post, nimi, perekonnanimi, isikukood, telefon, linn, kuup\u00e4ev, kellaaeg, teenindusjuhi nimi, t\u00f6\u00f6 kirjeldus, auto keret\u00e4his, registreerimisnumber, asendusauto v\u00f5i transpordi soov, auto \u00fcleandmise- ja tagastusaadress, osutatud teenused (kuup\u00e4ev, teenused, kaubad, hind, kogus), makseandmed.<br \/>S\u00e4ilitamist\u00e4htaeg \u2013 10 aastat alates lepingu t\u00e4itmise kuup\u00e4evast.<br \/>T\u00e4helepanu! Kasko-kindlustuse olemasolul v\u00f5ime koguda lisaks avariiga seotud andmeid (nt avariideklaratsioon, tehniline pass), et koosk\u00f5lastada t\u00f6\u00f6de hinnang ja maksek\u00fcsimused kindlustusseltsiga.<\/p><p><strong>Eesm\u00e4rk \u2013 Andmete edastamine kindlustus- ja\/v\u00f5i liisinguettev\u00f5tetele finantseerimis- v\u00f5i kindlustuspakkumiste koostamiseks.<\/strong><br \/>\u00d5iguslik alus \u2013 n\u00f5usolek, IK\u00dcM artikkel 6 lg 1 punkt a.<br \/>Isikuandmete kategooriad \u2013 nimi, perekonnanimi, isikukood, telefon, e-post, isikut t\u00f5endav dokument.<br \/>S\u00e4ilitamist\u00e4htaeg \u2013 2 aastat.<\/p><p><strong>Eesm\u00e4rk \u2013 Tootjapoolse garantii avamine ja pikendamine.<\/strong><br \/>\u00d5iguslik alus \u2013 lepingu t\u00e4itmine, IK\u00dcM artikkel 6 lg 1 punkt b.<br \/>Isikuandmete kategooriad \u2013 s\u00f5iduki registreerimistunnistus, omaniku nimi ja perekonnanimi, registreerimise kuup\u00e4ev.<br \/>S\u00e4ilitamist\u00e4htaeg \u2013 5 aastat.<\/p><p><strong>Eesm\u00e4rk \u2013 Kliendi kontrollimine EL sanktsioonide nimekirjade suhtes.<\/strong><br \/>\u00d5iguslik alus \u2013 \u00f5iguslik kohustus, IK\u00dcM artikkel 6 lg 1 punkt c.<br \/>Isikuandmete kategooriad \u2013 nimi, perekonnanimi, isikukood, kodakondsus, telefon, e-post, isikut t\u00f5endava dokumendi liik, otsesed ja kaudsed omanikud (nimi, perekonnanimi, isikukood, osalus, riik), kliendi esindaja ametikoht, nimi, perekonnanimi, volituse alus, kuup\u00e4ev, koht, allkiri.<br \/>S\u00e4ilitamist\u00e4htaeg \u2013 5 aastat.<\/p><p><strong>Eesm\u00e4rk \u2013 V\u00e4rbamisprotsessi korraldamine.<\/strong><br \/>\u00d5iguslik alus \u2013 n\u00f5usolek, IK\u00dcM artikkel 6 lg 1 punkt a; \u00f5igustatud huvi, IK\u00dcM artikkel 6 lg 1 punkt f.<br \/>T\u00e4helepanu! K\u00f5ik info kandidaatide andmete t\u00f6\u00f6tlemise kohta on toodud kandidaatide privaatsuspoliitikas: <a href=\"https:\/\/www.modus.group\/automotive-candidate-privacy-policy-lt-en\">https:\/\/www.modus.group\/automotive-candidate-privacy-policy-lt-en<\/a><\/p><p><strong>Eesm\u00e4rk \u2013 Videovalve territooriumil ja ruumides vara kaitse tagamiseks.<\/strong><br \/>\u00d5iguslik alus \u2013 \u00f5igustatud huvi, IK\u00dcM artikkel 6 lg 1 punkt f.<br \/>Isikuandmete kategooriad \u2013 kaamerapildis olevate isikute kujutised.<br \/>S\u00e4ilitamist\u00e4htaeg \u2013 30 p\u00e4eva.<\/p><p><strong>Eesm\u00e4rk \u2013 K\u00f5nede salvestamine klienditeeninduse kvaliteedi tagamiseks.<\/strong><br \/>\u00d5iguslik alus \u2013 \u00f5igustatud huvi, IK\u00dcM artikkel 6 lg 1 punkt f.<br \/>Isikuandmete kategooriad \u2013 k\u00f5nesalvestised.<br \/>S\u00e4ilitamist\u00e4htaeg \u2013 6 kuud.<\/p><p><strong>Eesm\u00e4rk \u2013 V\u00f5lgade haldamine.<\/strong><br \/>\u00d5iguslik alus \u2013 \u00f5igustatud huvi, IK\u00dcM artikkel 6 lg 1 punkt f; lepingu t\u00e4itmine, IK\u00dcM artikkel 6 lg 1 punkt b.<br \/>Isikuandmete kategooriad \u2013 makseandmed, v\u00f5lasumma, kontaktandmed.<br \/>S\u00e4ilitamist\u00e4htaeg \u2013 kuni l\u00f5pliku arvelduse l\u00f5puni.<\/p><p><strong>Eesm\u00e4rk \u2013 Kindlustusjuhtumite ja kahjun\u00f5uete haldamine.<\/strong><br \/>\u00d5iguslik alus \u2013 lepingu t\u00e4itmine, IK\u00dcM artikkel 6 lg 1 punkt b; \u00f5iguslik kohustus, IK\u00dcM artikkel 6 lg 1 punkt c.<br \/>Isikuandmete kategooriad \u2013 auto registreerimistunnistus, juhiluba, avariideklaratsioon, s\u00f5iduki kere ja registreerimisnumbri fotod, omaniku ja\/v\u00f5i juhi elukoha aadress, omaniku ja\/v\u00f5i juhi telefoninumber.<br \/>S\u00e4ilitamist\u00e4htaeg \u2013 10 aastat.<\/p><p>KELLELE ME ANDMEID EDASTAME?<br \/>Teatud juhtudel (nt meie tegevuse j\u00e4rjepidevuse tagamiseks, teenuste osutamiseks, \u00f5igusn\u00f5uete t\u00e4itmiseks v\u00f5i \u00f5igustatud huvide kaitsmiseks) v\u00f5ime Teie kohta teavet avaldada:<br \/>\u2022 Muud Modus Group\u2019i ettev\u00f5tted. Modus Group\u2019i privaatsuspoliitika on k\u00e4ttesaadav siin: <a href=\"https:\/\/www.modus.group\/privacypolicy\">https:\/\/www.modus.group\/privacypolicy<\/a>;<br \/>\u2022 Olenevalt ostetud automargi teenustest \u2013 vastavale tootjale;<br \/>\u2022 Maaletoojale;<br \/>\u2022 Meie professionaalsetele n\u00f5ustajatele, audiitoritele;<br \/>\u2022 Andmekeskuse, pilveteenuste, veebihalduse ja nendega seotud teenuste pakkujad; tarkvara arendavad, tarnivad, toetavad ja hooldavad ettev\u00f5tted; infot\u00f6\u00f6tlustaristu teenusepakkujad; sideteenuste osutajad;<br \/>\u2022 Reklaami- ja turundusteenuste osutajad;<br \/>\u2022 Liisinguettev\u00f5tted, maaklerid ja kindlustusfirmad, kui olete huvitatud nende pakkumistest;<br \/>\u2022 V\u00f5lgade sissen\u00f5udmise ettev\u00f5tted;<br \/>\u2022 Ametiasutused seaduses s\u00e4testatud juhtudel: Maksu- ja Tolliamet, Registrite ja Infos\u00fcsteemide Keskus, T\u00f6\u00f6tukassa jms;<br \/>\u2022 \u00d5iguskaitseorganid nende p\u00e4ringu alusel v\u00f5i meie algatusel, kui kahtlustame kuriteo toimepanemist, samuti kohtud ja muud vaidluste lahendamise organid; maksuasutused.<\/p><p>Privaatsuspoliitikas m\u00e4rgitud andmesaajate v\u00f5i vastavate kategooriate loetelu v\u00f5ib muutuda. Kui soovite olla kursis muudatustega v\u00f5i saada t\u00e4psemat teavet konkreetsete andmesaajate kohta, palun andke meile teada e-posti aadressil dpo@modus.group, m\u00e4rkides teemaks: \u201eSoovin teavet minu isikuandmete saajate kohta, eesnimi, perekonnanimi\u201c.<\/p><p>ANDMETE EDASTAMINE KOLMANDATESSE RIIKIDESSE<br \/>Teie isikuandmeid edastatakse kolmandatesse riikidesse \u00fcksnes koosk\u00f5las kohaldatava seadusega.<br \/>Kui on vajalik edastada Teie isikuandmeid kolmandasse riiki v\u00f5i rahvusvahelisele organisatsioonile m\u00fc\u00fcgij\u00e4rgse teeninduse ja\/v\u00f5i muude k\u00e4esolevas Privaatsuspoliitikas s\u00e4testatud eesm\u00e4rkide t\u00e4itmiseks, rakendatakse \u00fcht j\u00e4rgmistest tingimustest:<br \/>\u2022 andmed edastatakse riiki, mille kohta on tehtud piisavuse otsus (Euroopa Komisjoni poolt heaks kiidetud kolmandad riigid, kus andmekaitse tase on piisav);<br \/>\u2022 edastamine toimub koos seaduses s\u00e4testatud asjakohaste kaitsemeetmetega (nt avalike asutuste vahel s\u00f5lmitud \u00f5iguslikult siduv ja j\u00f5ustatav kokkulepe; ettev\u00f5tjatele siduvad reeglid IK\u00dcM artikli 47 alusel; Euroopa Komisjoni poolt vastavalt artikli 93 lg 2 menetlusele vastu v\u00f5etud standardtingimused);<br \/>\u2022 kasutatakse muid seaduses etten\u00e4htud erandeid, kui andmete edastamine eeltoodud alusel ei ole v\u00f5imalik.<\/p><p>ISIKUANDMETE TURVALISUS<br \/>Teie isikuandmeid t\u00f6\u00f6deldakse koosk\u00f5las isikuandmete kaitse \u00fcldm\u00e4\u00e4ruse ja muude \u00f5igusaktide n\u00f5uetega. Isikuandmete t\u00f6\u00f6tlemisel rakendame organisatsioonilisi ja tehnilisi meetmeid, et tagada kaitse juhusliku v\u00f5i ebaseadusliku h\u00e4vimise, muutmise, avalikustamise ning muu ebaseadusliku t\u00f6\u00f6tlemise eest. Need meetmed h\u00f5lmavad muu hulgas:<br \/>\u2022 ranget ligip\u00e4\u00e4sukontrolli, mis p\u00f5hineb p\u00f5him\u00f5ttel \u201evajaduse korral\u201c;<br \/>\u2022 konfidentsiaalsuslepinguid isikutega, kellel on juurdep\u00e4\u00e4s andmetele;<br \/>\u2022 korrap\u00e4rast koolitust andmekaitse ja infoturbe valdkonnas;<br \/>\u2022 sisemiste andmekaitseprotseduuride dokumenteerimist ja rakendamist;<br \/>\u2022 Andmekaitsespetsialisti m\u00e4\u00e4ramist.<\/p><p>MILLISED \u00d5IGUSED ON TEIL JA KUIDAS NEID KASUTADA?<br \/>Kui t\u00f6\u00f6tleme Teie isikuandmeid k\u00e4esolevas Privaatsuspoliitikas s\u00e4testatud eesm\u00e4rkidel v\u00f5i kui Teil on p\u00f5hjust arvata, et t\u00f6\u00f6tleme Teie isikuandmeid, on Teil andmesubjektina IK\u00dcM-i alusel j\u00e4rgmised \u00f5igused:<br \/>\u2022 <strong>\u00d5igus teada<\/strong> \u2013 saada teavet oma isikuandmete t\u00f6\u00f6tlemise kohta;<br \/>\u2022 <strong>Juurdep\u00e4\u00e4su\u00f5igus<\/strong> \u2013 saada kinnitus, kas Teie andmeid t\u00f6\u00f6deldakse, ning vajaduse korral taotleda juurdep\u00e4\u00e4su ja koopiat oma andmetest;<br \/>\u2022 <strong>\u00d5igus parandamisele<\/strong> \u2013 n\u00f5uda eba\u00f5igete v\u00f5i puudulike isikuandmete parandamist;<br \/>\u2022 <strong>\u00d5igus vastuv\u00e4idetele<\/strong> \u2013 esitada vastuv\u00e4ide oma isikuandmete t\u00f6\u00f6tlemisele;<br \/>\u2022 <strong>\u00d5igus n\u00f5usoleku tagasiv\u00f5tmisele<\/strong> \u2013 juhul, kui t\u00f6\u00f6tleme Teie andmeid Teie n\u00f5usoleku alusel;<br \/>\u2022 <strong>\u00d5igus t\u00f6\u00f6tlemise piiramisele<\/strong> \u2013 taotleda Teie isikuandmete t\u00f6\u00f6tlemise piiramist kindlaks ajaks;<br \/>\u2022 <strong>\u00d5igus kustutamisele \/ unustamisele<\/strong> \u2013 taotleda isikuandmete kustutamist, kui need ei ole enam vajalikud eesm\u00e4rkidel, milleks neid koguti v\u00f5i muul viisil t\u00f6\u00f6deldi;<br \/>\u2022 <strong>\u00d5igus andmete \u00fclekantavusele<\/strong> \u2013 saada oma isikuandmed masinloetavas vormingus ja edastada need teisele vastutavale t\u00f6\u00f6tlejale;<br \/>\u2022 <strong>\u00d5igus esitada kaebus<\/strong> \u2013 p\u00f6\u00f6rduda Andmekaitse Inspektsiooni poole (Tatari 39, 10134 Tallinn, e-post info@aki.ee), kuid soovitame esmalt p\u00f6\u00f6rduda meie poole, et p\u00fc\u00fcda lahendada k\u00fcsimused \u00fchiselt.<\/p><p>Saate oma \u00f5igusi teostada, esitades meile taotluse k\u00e4esoleva Privaatsuspoliitika alguses toodud kontaktandmete kaudu.<\/p><p>Taotluse esitamisel peate oma isiku tuvastama \u00fchel j\u00e4rgmistest viisidest:<br \/>\u2022 teenindaja juures taotluse esitamisel esitades kehtiva isikut t\u00f5endava dokumendi;<br \/>\u2022 taotluse posti v\u00f5i kulleriga esitamisel lisades seaduses etten\u00e4htud korras kinnitatud kehtiva isikut t\u00f5endava dokumendi koopia;<br \/>\u2022 elektroonilise taotluse esitamisel autentides selle elektrooniliselt, kasutades vahendeid, mis v\u00f5imaldavad isikut n\u00f5uetekohaselt tuvastada (nt Mobiil-ID, kvalifitseeritud digitaalallkiri jne).<\/p><p>P\u00e4rast Teie taotluse saamist andmesubjekti \u00f5iguste teostamiseks vastame Teile viivitamata, kuid hiljemalt 1 kuu jooksul alates taotluse esitamisest. Vajaduse korral ja s\u00f5ltuvalt taotluste mahust v\u00f5i keerukusest v\u00f5ib seda t\u00e4htaega pikendada veel \u00fche kuu v\u00f5rra, millest teavitame Teid esimesel kuul. Teie taotletud teave antakse tasuta. Kui aga Teie taotlused on ilmselgelt p\u00f5hjendamatud v\u00f5i \u00fclem\u00e4\u00e4rased (eriti korduva iseloomu t\u00f5ttu), on meil \u00f5igus k\u00fcsida m\u00f5istlikku tasu (administratiivkulude katteks) v\u00f5i keelduda taotlust t\u00e4itmast.<\/p><p>Vastus antakse viisil, mille Te oma taotluses m\u00e4\u00e4rate. Kui Te viisi ei t\u00e4psusta, edastatakse vastus samal viisil, nagu oli esitatud taotlus.<\/p><p>KAS TE V\u00d5ITE KEELDUD ANDMETE ESITAMISEST JA\/V\u00d5I T\u00d6\u00d6TLEMISEST?<br \/>Teie isikuandmeid kogutakse ja t\u00f6\u00f6deldakse, et pakkuda Teile teenuseid \u00f5igeaegselt ja asjakohaselt ning vastata Teie p\u00e4ringutele, taotlustele ja kaebustele kliendina. Kui Te ei esita oma andmeid, esitate need valesti v\u00f5i keeldute edaspidi neid esitama, ei saa me Teie p\u00e4ringutele, taotlustele v\u00f5i kaebustele n\u00f5uetekohaselt vastata ega neid lahendada.<\/p><p>MIDA TEHA, KUI TEIL ON VEEL K\u00dcSIMUSI?<br \/>Kui Teil tekib k\u00fcsimusi, v\u00f5tke meiega \u00fchendust e-posti aadressil dpo@modus.group v\u00f5i telefonil +372 5819 1111.<\/p><p>PRIVAATSUSPOLIITIKA L\u00d5PP<\/p>\t\t\t\t\t\t\t\t<\/div>\n\t\t\t\t<\/div>\n\t\t\t\t\t<\/div>\n\t\t\t\t<\/div>\n\t\t\t\t<\/div>\n\t\t","protected":false},"excerpt":{"rendered":"<p>PRIVAATSUSPOLIITIKA Luxury Motors O\u00dc \u2013 luksusautode esindus Eestis (edaspidi &#171;Meie&#187;, &#171;Ettev\u00f5te&#187;, &#171;Luxury Motors&#187;) v\u00e4\u00e4rtustab ja kaitseb isikuandmete privaatsust, mist\u00f5ttu kirjeldame k\u00e4esolevas poliitikas (edaspidi &#171;Privaatsuspoliitika&#187;) \u00fcksikasjalikult, kuidas me t\u00f6\u00f6tleme f\u00fc\u00fcsiliste isikute (edaspidi &#171;Teie&#187; v\u00f5i &#171;Andmesubjektid&#187;) isikuandmeid, kui k\u00fclastate meie veebilehte, esitate p\u00e4ringu, registreerute proovis\u00f5idule v\u00f5i teenusele, ostate auto v\u00f5i osalete muul viisil \u00e4ritegevuses meiega. Isikuandmete t\u00f6\u00f6tlemisel [&hellip;]<\/p>\n","protected":false},"author":2,"featured_media":0,"parent":0,"menu_order":0,"comment_status":"closed","ping_status":"closed","template":"elementor_header_footer","meta":{"_acf_changed":false,"footnotes":""},"class_list":["post-5995","page","type-page","status-publish","hentry"],"acf":[],"_links":{"self":[{"href":"https:\/\/luxurymotors.ee\/ru\/wp-json\/wp\/v2\/pages\/5995","targetHints":{"allow":["GET"]}}],"collection":[{"href":"https:\/\/luxurymotors.ee\/ru\/wp-json\/wp\/v2\/pages"}],"about":[{"href":"https:\/\/luxurymotors.ee\/ru\/wp-json\/wp\/v2\/types\/page"}],"author":[{"embeddable":true,"href":"https:\/\/luxurymotors.ee\/ru\/wp-json\/wp\/v2\/users\/2"}],"replies":[{"embeddable":true,"href":"https:\/\/luxurymotors.ee\/ru\/wp-json\/wp\/v2\/comments?post=5995"}],"version-history":[{"count":7,"href":"https:\/\/luxurymotors.ee\/ru\/wp-json\/wp\/v2\/pages\/5995\/revisions"}],"predecessor-version":[{"id":8962,"href":"https:\/\/luxurymotors.ee\/ru\/wp-json\/wp\/v2\/pages\/5995\/revisions\/8962"}],"wp:attachment":[{"href":"https:\/\/luxurymotors.ee\/ru\/wp-json\/wp\/v2\/media?parent=5995"}],"curies":[{"name":"wp","href":"https:\/\/api.w.org\/{rel}","templated":true}]}}